                                                                                                                                                                                                                                                                                                                                                                                                                                                                                                                                                                                                                                                                                                                                                                                                                                                                                  {"id":33,"date":"2023-05-12T00:23:30","date_gmt":"2023-05-12T00:23:30","guid":{"rendered":"https:\/\/cubitos.sansalvadorelverde.com\/index.php\/home\/"},"modified":"2023-08-13T18:11:19","modified_gmt":"2023-08-13T18:11:19","slug":"home","status":"publish","type":"page","link":"https:\/\/cubitos.sansalvadorelverde.com\/","title":{"rendered":"Home"},"content":{"rendered":"","protected":false},"excerpt":{"rendered":"","protected":false},"author":1,"featured_media":54,"parent":0,"menu_order":0,"comment_status":"closed","ping_status":"closed","template":"templates\/template-frontpage.php","meta":{"om_disable_all_campaigns":false,"_mi_skip_tracking":false,"_monsterinsights_sitenote_active":false,"_monsterinsights_sitenote_note":"","_monsterinsights_sitenote_category":0,"footnotes":""},"aioseo_notices":[],"yoast_head":"<!-- This site is optimized with the Yoast SEO plugin v21.0 - https:\/\/yoast.com\/wordpress\/plugins\/seo\/ -->\n<title>Disfruta El Momento en Cubitos<\/title>\n<meta name=\"description\" content=\"Sum\u00e9rgete en un mundo de sabores en Cubitos. Descubre helados, paletas, frapp\u00e9s y m\u00e1s, preparados con amor en San Salvador El Verde, Puebla. \u00a1Ven y vive momentos dulces con nosotros!\" \/>\n<meta name=\"robots\" content=\"index, follow, max-snippet:-1, max-image-preview:large, max-video-preview:-1\" \/>\n<link rel=\"canonical\" href=\"https:\/\/cubitos.sansalvadorelverde.com\/\" \/>\n<meta property=\"og:locale\" content=\"en_US\" \/>\n<meta property=\"og:type\" content=\"article\" \/>\n<meta property=\"og:title\" content=\"Disfruta El Momento en Cubitos\" \/>\n<meta property=\"og:description\" content=\"Sum\u00e9rgete en un mundo de sabores en Cubitos. Descubre helados, paletas, frapp\u00e9s y m\u00e1s, preparados con amor en San Salvador El Verde, Puebla. \u00a1Ven y vive momentos dulces con nosotros!\" \/>\n<meta property=\"og:url\" content=\"https:\/\/cubitos.sansalvadorelverde.com\/\" \/>\n<meta property=\"og:site_name\" content=\"Cubitos\" \/>\n<meta property=\"article:publisher\" content=\"https:\/\/www.facebook.com\/cubitosmx\" \/>\n<meta property=\"article:modified_time\" content=\"2023-08-13T18:11:19+00:00\" \/>\n<meta property=\"og:image\" content=\"https:\/\/cubitos.sansalvadorelverde.com\/wp-content\/uploads\/2023\/07\/IMG_20230716_144023-scaled.jpg\" \/>\n\t<meta property=\"og:image:width\" content=\"2560\" \/>\n\t<meta property=\"og:image:height\" content=\"1130\" \/>\n\t<meta property=\"og:image:type\" content=\"image\/jpeg\" \/>\n<meta name=\"twitter:card\" content=\"summary_large_image\" \/>\n<script type=\"application\/ld+json\" class=\"yoast-schema-graph\">{\"@context\":\"https:\/\/schema.org\",\"@graph\":[{\"@type\":\"WebPage\",\"@id\":\"https:\/\/cubitos.sansalvadorelverde.com\/\",\"url\":\"https:\/\/cubitos.sansalvadorelverde.com\/\",\"name\":\"Disfruta El Momento en Cubitos\",\"isPartOf\":{\"@id\":\"https:\/\/cubitos.sansalvadorelverde.com\/#website\"},\"datePublished\":\"2023-05-12T00:23:30+00:00\",\"dateModified\":\"2023-08-13T18:11:19+00:00\",\"description\":\"Sum\u00e9rgete en un mundo de sabores en Cubitos. Descubre helados, paletas, frapp\u00e9s y m\u00e1s, preparados con amor en San Salvador El Verde, Puebla. \u00a1Ven y vive momentos dulces con nosotros!\",\"breadcrumb\":{\"@id\":\"https:\/\/cubitos.sansalvadorelverde.com\/#breadcrumb\"},\"inLanguage\":\"en-US\",\"potentialAction\":[{\"@type\":\"ReadAction\",\"target\":[\"https:\/\/cubitos.sansalvadorelverde.com\/\"]}]},{\"@type\":\"BreadcrumbList\",\"@id\":\"https:\/\/cubitos.sansalvadorelverde.com\/#breadcrumb\",\"itemListElement\":[{\"@type\":\"ListItem\",\"position\":1,\"name\":\"Portada\",\"item\":\"https:\/\/cubitos.sansalvadorelverde.com\/\"},{\"@type\":\"ListItem\",\"position\":2,\"name\":\"Home\"}]},{\"@type\":\"WebSite\",\"@id\":\"https:\/\/cubitos.sansalvadorelverde.com\/#website\",\"url\":\"https:\/\/cubitos.sansalvadorelverde.com\/\",\"name\":\"Cubitos\",\"description\":\"Disfruta el momento\",\"publisher\":{\"@id\":\"https:\/\/cubitos.sansalvadorelverde.com\/#organization\"},\"potentialAction\":[{\"@type\":\"SearchAction\",\"target\":{\"@type\":\"EntryPoint\",\"urlTemplate\":\"https:\/\/cubitos.sansalvadorelverde.com\/?s={search_term_string}\"},\"query-input\":\"required name=search_term_string\"}],\"inLanguage\":\"en-US\"},{\"@type\":\"Organization\",\"@id\":\"https:\/\/cubitos.sansalvadorelverde.com\/#organization\",\"name\":\"Cubitos\",\"url\":\"https:\/\/cubitos.sansalvadorelverde.com\/\",\"logo\":{\"@type\":\"ImageObject\",\"inLanguage\":\"en-US\",\"@id\":\"https:\/\/cubitos.sansalvadorelverde.com\/#\/schema\/logo\/image\/\",\"url\":\"https:\/\/cubitos.sansalvadorelverde.com\/wp-content\/uploads\/2023\/05\/cropped-logo-cubitos-ice-blanco.png\",\"contentUrl\":\"https:\/\/cubitos.sansalvadorelverde.com\/wp-content\/uploads\/2023\/05\/cropped-logo-cubitos-ice-blanco.png\",\"width\":758,\"height\":697,\"caption\":\"Cubitos\"},\"image\":{\"@id\":\"https:\/\/cubitos.sansalvadorelverde.com\/#\/schema\/logo\/image\/\"},\"sameAs\":[\"https:\/\/www.facebook.com\/cubitosmx\",\"https:\/\/www.instagram.com\/cubitos_heladeria\/\"]}]}<\/script>\n<!-- \/ Yoast SEO plugin. -->","yoast_head_json":{"title":"Disfruta El Momento en Cubitos","description":"Sum\u00e9rgete en un mundo de sabores en Cubitos. Descubre helados, paletas, frapp\u00e9s y m\u00e1s, preparados con amor en San Salvador El Verde, Puebla. \u00a1Ven y vive momentos dulces con nosotros!","robots":{"index":"index","follow":"follow","max-snippet":"max-snippet:-1","max-image-preview":"max-image-preview:large","max-video-preview":"max-video-preview:-1"},"canonical":"https:\/\/cubitos.sansalvadorelverde.com\/","og_locale":"en_US","og_type":"article","og_title":"Disfruta El Momento en Cubitos","og_description":"Sum\u00e9rgete en un mundo de sabores en Cubitos. Descubre helados, paletas, frapp\u00e9s y m\u00e1s, preparados con amor en San Salvador El Verde, Puebla. \u00a1Ven y vive momentos dulces con nosotros!","og_url":"https:\/\/cubitos.sansalvadorelverde.com\/","og_site_name":"Cubitos","article_publisher":"https:\/\/www.facebook.com\/cubitosmx","article_modified_time":"2023-08-13T18:11:19+00:00","og_image":[{"width":2560,"height":1130,"url":"https:\/\/cubitos.sansalvadorelverde.com\/wp-content\/uploads\/2023\/07\/IMG_20230716_144023-scaled.jpg","type":"image\/jpeg"}],"twitter_card":"summary_large_image","schema":{"@context":"https:\/\/schema.org","@graph":[{"@type":"WebPage","@id":"https:\/\/cubitos.sansalvadorelverde.com\/","url":"https:\/\/cubitos.sansalvadorelverde.com\/","name":"Disfruta El Momento en Cubitos","isPartOf":{"@id":"https:\/\/cubitos.sansalvadorelverde.com\/#website"},"datePublished":"2023-05-12T00:23:30+00:00","dateModified":"2023-08-13T18:11:19+00:00","description":"Sum\u00e9rgete en un mundo de sabores en Cubitos. Descubre helados, paletas, frapp\u00e9s y m\u00e1s, preparados con amor en San Salvador El Verde, Puebla. \u00a1Ven y vive momentos dulces con nosotros!","breadcrumb":{"@id":"https:\/\/cubitos.sansalvadorelverde.com\/#breadcrumb"},"inLanguage":"en-US","potentialAction":[{"@type":"ReadAction","target":["https:\/\/cubitos.sansalvadorelverde.com\/"]}]},{"@type":"BreadcrumbList","@id":"https:\/\/cubitos.sansalvadorelverde.com\/#breadcrumb","itemListElement":[{"@type":"ListItem","position":1,"name":"Portada","item":"https:\/\/cubitos.sansalvadorelverde.com\/"},{"@type":"ListItem","position":2,"name":"Home"}]},{"@type":"WebSite","@id":"https:\/\/cubitos.sansalvadorelverde.com\/#website","url":"https:\/\/cubitos.sansalvadorelverde.com\/","name":"Cubitos","description":"Disfruta el momento","publisher":{"@id":"https:\/\/cubitos.sansalvadorelverde.com\/#organization"},"potentialAction":[{"@type":"SearchAction","target":{"@type":"EntryPoint","urlTemplate":"https:\/\/cubitos.sansalvadorelverde.com\/?s={search_term_string}"},"query-input":"required name=search_term_string"}],"inLanguage":"en-US"},{"@type":"Organization","@id":"https:\/\/cubitos.sansalvadorelverde.com\/#organization","name":"Cubitos","url":"https:\/\/cubitos.sansalvadorelverde.com\/","logo":{"@type":"ImageObject","inLanguage":"en-US","@id":"https:\/\/cubitos.sansalvadorelverde.com\/#\/schema\/logo\/image\/","url":"https:\/\/cubitos.sansalvadorelverde.com\/wp-content\/uploads\/2023\/05\/cropped-logo-cubitos-ice-blanco.png","contentUrl":"https:\/\/cubitos.sansalvadorelverde.com\/wp-content\/uploads\/2023\/05\/cropped-logo-cubitos-ice-blanco.png","width":758,"height":697,"caption":"Cubitos"},"image":{"@id":"https:\/\/cubitos.sansalvadorelverde.com\/#\/schema\/logo\/image\/"},"sameAs":["https:\/\/www.facebook.com\/cubitosmx","https:\/\/www.instagram.com\/cubitos_heladeria\/"]}]}},"_links":{"self":[{"href":"https:\/\/cubitos.sansalvadorelverde.com\/index.php\/wp-json\/wp\/v2\/pages\/33"}],"collection":[{"href":"https:\/\/cubitos.sansalvadorelverde.com\/index.php\/wp-json\/wp\/v2\/pages"}],"about":[{"href":"https:\/\/cubitos.sansalvadorelverde.com\/index.php\/wp-json\/wp\/v2\/types\/page"}],"author":[{"embeddable":true,"href":"https:\/\/cubitos.sansalvadorelverde.com\/index.php\/wp-json\/wp\/v2\/users\/1"}],"replies":[{"embeddable":true,"href":"https:\/\/cubitos.sansalvadorelverde.com\/index.php\/wp-json\/wp\/v2\/comments?post=33"}],"version-history":[{"count":1,"href":"https:\/\/cubitos.sansalvadorelverde.com\/index.php\/wp-json\/wp\/v2\/pages\/33\/revisions"}],"predecessor-version":[{"id":78,"href":"https:\/\/cubitos.sansalvadorelverde.com\/index.php\/wp-json\/wp\/v2\/pages\/33\/revisions\/78"}],"wp:featuredmedia":[{"embeddable":true,"href":"https:\/\/cubitos.sansalvadorelverde.com\/index.php\/wp-json\/wp\/v2\/media\/54"}],"wp:attachment":[{"href":"https:\/\/cubitos.sansalvadorelverde.com\/index.php\/wp-json\/wp\/v2\/media?parent=33"}],"curies":[{"name":"wp","href":"https:\/\/api.w.org\/{rel}","templated":true}]}}